{"id":35,"date":"2023-01-18T17:22:40","date_gmt":"2023-01-18T21:22:40","guid":{"rendered":"https:\/\/rcassociados.adv.br\/?page_id=35"},"modified":"2023-02-08T16:30:56","modified_gmt":"2023-02-08T20:30:56","slug":"o-escritorio","status":"publish","type":"page","link":"https:\/\/rcassociados.adv.br\/en\/o-escritorio\/","title":{"rendered":"The Office"},"content":{"rendered":"<div data-elementor-type=\"wp-page\" data-elementor-id=\"35\" class=\"elementor elementor-35\" data-elementor-post-type=\"page\">\n\t\t\t\t\t\t<section class=\"elementor-section elementor-top-section elementor-element elementor-element-583fdc4 elementor-section-height-min-height elementor-section-boxed elementor-section-height-default elementor-section-items-middle\" data-id=\"583fdc4\" data-element_type=\"section\" data-settings=\"{&quot;background_background&quot;:&quot;classic&quot;}\">\n\t\t\t\t\t\t\t<div class=\"elementor-background-overlay\"><\/div>\n\t\t\t\t\t\t\t<div class=\"elementor-container elementor-column-gap-default\">\n\t\t\t\t\t<div class=\"elementor-column elementor-col-100 elementor-top-column elementor-element elementor-element-e74a8a1\" data-id=\"e74a8a1\" data-element_type=\"column\">\n\t\t\t<div class=\"elementor-widget-wrap elementor-element-populated\">\n\t\t\t\t\t\t<div class=\"elementor-element elementor-element-3496eb1 elementor-widget elementor-widget-heading\" data-id=\"3496eb1\" data-element_type=\"widget\" data-widget_type=\"heading.default\">\n\t\t\t\t<div class=\"elementor-widget-container\">\n\t\t\t\t\t<h2 class=\"elementor-heading-title elementor-size-default\">The Office<\/h2>\t\t\t\t<\/div>\n\t\t\t\t<\/div>\n\t\t\t\t\t<\/div>\n\t\t<\/div>\n\t\t\t\t\t<\/div>\n\t\t<\/section>\n\t\t\t\t<section class=\"elementor-section elementor-top-section elementor-element elementor-element-574653d elementor-section-boxed elementor-section-height-default elementor-section-height-default\" data-id=\"574653d\" data-element_type=\"section\" data-settings=\"{&quot;background_background&quot;:&quot;classic&quot;}\">\n\t\t\t\t\t\t<div class=\"elementor-container elementor-column-gap-default\">\n\t\t\t\t\t<div class=\"elementor-column elementor-col-100 elementor-top-column elementor-element elementor-element-47447c1\" data-id=\"47447c1\" data-element_type=\"column\" data-settings=\"{&quot;background_background&quot;:&quot;classic&quot;}\">\n\t\t\t<div class=\"elementor-widget-wrap elementor-element-populated\">\n\t\t\t\t\t\t<section class=\"elementor-section elementor-inner-section elementor-element elementor-element-5e983f7 elementor-section-boxed elementor-section-height-default elementor-section-height-default\" data-id=\"5e983f7\" data-element_type=\"section\">\n\t\t\t\t\t\t<div class=\"elementor-container elementor-column-gap-default\">\n\t\t\t\t\t<div class=\"elementor-column elementor-col-50 elementor-inner-column elementor-element elementor-element-47c236c\" data-id=\"47c236c\" data-element_type=\"column\">\n\t\t\t<div class=\"elementor-widget-wrap elementor-element-populated\">\n\t\t\t\t\t\t<div class=\"elementor-element elementor-element-304261b elementor-widget elementor-widget-image\" data-id=\"304261b\" data-element_type=\"widget\" data-widget_type=\"image.default\">\n\t\t\t\t<div class=\"elementor-widget-container\">\n\t\t\t\t\t\t\t\t\t\t\t\t\t\t\t<img fetchpriority=\"high\" decoding=\"async\" width=\"453\" height=\"480\" src=\"https:\/\/rcassociados.adv.br\/wp-content\/uploads\/2023\/02\/escritorio-rodrigo-vitor.jpg\" class=\"attachment-large size-large wp-image-371\" alt=\"\" srcset=\"https:\/\/rcassociados.adv.br\/wp-content\/uploads\/2023\/02\/escritorio-rodrigo-vitor.jpg 453w, https:\/\/rcassociados.adv.br\/wp-content\/uploads\/2023\/02\/escritorio-rodrigo-vitor-283x300.jpg 283w\" sizes=\"(max-width: 453px) 100vw, 453px\" \/>\t\t\t\t\t\t\t\t\t\t\t\t\t\t\t<\/div>\n\t\t\t\t<\/div>\n\t\t\t\t\t<\/div>\n\t\t<\/div>\n\t\t\t\t<div class=\"elementor-column elementor-col-50 elementor-inner-column elementor-element elementor-element-6fcfcdf\" data-id=\"6fcfcdf\" data-element_type=\"column\">\n\t\t\t<div class=\"elementor-widget-wrap elementor-element-populated\">\n\t\t\t\t\t\t<div class=\"elementor-element elementor-element-48ed759 elementor-widget elementor-widget-heading\" data-id=\"48ed759\" data-element_type=\"widget\" data-widget_type=\"heading.default\">\n\t\t\t\t<div class=\"elementor-widget-container\">\n\t\t\t\t\t<h2 class=\"elementor-heading-title elementor-size-default\">Our story<\/h2>\t\t\t\t<\/div>\n\t\t\t\t<\/div>\n\t\t\t\t<div class=\"elementor-element elementor-element-658fae4 elementor-widget elementor-widget-text-editor\" data-id=\"658fae4\" data-element_type=\"widget\" data-widget_type=\"text-editor.default\">\n\t\t\t\t<div class=\"elementor-widget-container\">\n\t\t\t\t\t\t\t\t\t<p class=\"translation-block\">Founded in 2016, <strong>Rocha &amp; Coningham Advogados Associados<\/strong> stands out in litigation advocacy and in the structuring of measures to prevent claims and obtain the best results in those in progress.<\/p><p>Headquartered in Cuiab\u00e1, Mato Grosso, the office offers a bilingual service and is notable for the execution of an individualized legal service, attentive to the particularities of cases and the specificities of its clients, employing swift and effective measures in the resolution of demands.<\/p><p>In order to offer a personalized legal service, the firm specializes in agrarian, agribusiness, environmental and business law.<\/p><p>Rodrigo and Vitor have known each other for a long time, since they attended the same schools in their childhood and adolescence. They distanced themselves during the beginning of the adult phase and met again when already formed, both in search of a partner.<\/p>\t\t\t\t\t\t\t\t<\/div>\n\t\t\t\t<\/div>\n\t\t\t\t\t<\/div>\n\t\t<\/div>\n\t\t\t\t\t<\/div>\n\t\t<\/section>\n\t\t\t\t\t<\/div>\n\t\t<\/div>\n\t\t\t\t\t<\/div>\n\t\t<\/section>\n\t\t\t\t<section class=\"elementor-section elementor-top-section elementor-element elementor-element-09c4c69 elementor-section-boxed elementor-section-height-default elementor-section-height-default\" data-id=\"09c4c69\" data-element_type=\"section\">\n\t\t\t\t\t\t<div class=\"elementor-container elementor-column-gap-default\">\n\t\t\t\t\t<div class=\"elementor-column elementor-col-100 elementor-top-column elementor-element elementor-element-50b17b3\" data-id=\"50b17b3\" data-element_type=\"column\">\n\t\t\t<div class=\"elementor-widget-wrap elementor-element-populated\">\n\t\t\t\t\t\t<div class=\"elementor-element elementor-element-292e139 elementor-widget elementor-widget-gallery\" data-id=\"292e139\" data-element_type=\"widget\" data-settings=\"{&quot;columns&quot;:3,&quot;lazyload&quot;:&quot;yes&quot;,&quot;gallery_layout&quot;:&quot;grid&quot;,&quot;columns_tablet&quot;:2,&quot;columns_mobile&quot;:1,&quot;gap&quot;:{&quot;unit&quot;:&quot;px&quot;,&quot;size&quot;:10,&quot;sizes&quot;:[]},&quot;gap_tablet&quot;:{&quot;unit&quot;:&quot;px&quot;,&quot;size&quot;:10,&quot;sizes&quot;:[]},&quot;gap_mobile&quot;:{&quot;unit&quot;:&quot;px&quot;,&quot;size&quot;:10,&quot;sizes&quot;:[]},&quot;link_to&quot;:&quot;file&quot;,&quot;aspect_ratio&quot;:&quot;3:2&quot;,&quot;overlay_background&quot;:&quot;yes&quot;,&quot;content_hover_animation&quot;:&quot;fade-in&quot;}\" data-widget_type=\"gallery.default\">\n\t\t\t\t<div class=\"elementor-widget-container\">\n\t\t\t\t\t\t\t<div class=\"elementor-gallery__container\">\n\t\t\t\t\t\t\t<a class=\"e-gallery-item elementor-gallery-item elementor-animated-content\" href=\"https:\/\/rcassociados.adv.br\/wp-content\/uploads\/2023\/02\/escritorio5.jpg\" data-elementor-open-lightbox=\"yes\" data-elementor-lightbox-slideshow=\"292e139\" data-elementor-lightbox-title=\"Sala de Reuni\u00e3o\" data-e-action-hash=\"#elementor-action%3Aaction%3Dlightbox%26settings%3DeyJpZCI6MzgwLCJ1cmwiOiJodHRwczpcL1wvcmNhc3NvY2lhZG9zLmFkdi5iclwvd3AtY29udGVudFwvdXBsb2Fkc1wvMjAyM1wvMDJcL2VzY3JpdG9yaW81LmpwZyIsInNsaWRlc2hvdyI6IjI5MmUxMzkifQ%3D%3D\">\n\t\t\t\t\t<div class=\"e-gallery-image elementor-gallery-item__image\" data-thumbnail=\"https:\/\/rcassociados.adv.br\/wp-content\/uploads\/2023\/02\/escritorio5-682x1024.jpg\" data-width=\"682\" data-height=\"1024\" aria-label=\"\" role=\"img\" ><\/div>\n\t\t\t\t\t\t\t\t\t\t\t<div class=\"elementor-gallery-item__overlay\"><\/div>\n\t\t\t\t\t\t\t\t\t\t\t\t\t\t<\/a>\n\t\t\t\t\t\t\t<a class=\"e-gallery-item elementor-gallery-item elementor-animated-content\" href=\"https:\/\/rcassociados.adv.br\/wp-content\/uploads\/2023\/02\/escritorio3.jpg\" data-elementor-open-lightbox=\"yes\" data-elementor-lightbox-slideshow=\"292e139\" data-elementor-lightbox-title=\"Sala de Reuni\u00e3o\" data-e-action-hash=\"#elementor-action%3Aaction%3Dlightbox%26settings%3DeyJpZCI6Mzc4LCJ1cmwiOiJodHRwczpcL1wvcmNhc3NvY2lhZG9zLmFkdi5iclwvd3AtY29udGVudFwvdXBsb2Fkc1wvMjAyM1wvMDJcL2VzY3JpdG9yaW8zLmpwZyIsInNsaWRlc2hvdyI6IjI5MmUxMzkifQ%3D%3D\">\n\t\t\t\t\t<div class=\"e-gallery-image elementor-gallery-item__image\" data-thumbnail=\"https:\/\/rcassociados.adv.br\/wp-content\/uploads\/2023\/02\/escritorio3-1024x682.jpg\" data-width=\"800\" data-height=\"533\" aria-label=\"\" role=\"img\" ><\/div>\n\t\t\t\t\t\t\t\t\t\t\t<div class=\"elementor-gallery-item__overlay\"><\/div>\n\t\t\t\t\t\t\t\t\t\t\t\t\t\t<\/a>\n\t\t\t\t\t\t\t<a class=\"e-gallery-item elementor-gallery-item elementor-animated-content\" href=\"https:\/\/rcassociados.adv.br\/wp-content\/uploads\/2023\/02\/escritorio4.jpg\" data-elementor-open-lightbox=\"yes\" data-elementor-lightbox-slideshow=\"292e139\" data-elementor-lightbox-title=\"Sala de Reuni\u00e3o\" data-e-action-hash=\"#elementor-action%3Aaction%3Dlightbox%26settings%3DeyJpZCI6Mzc5LCJ1cmwiOiJodHRwczpcL1wvcmNhc3NvY2lhZG9zLmFkdi5iclwvd3AtY29udGVudFwvdXBsb2Fkc1wvMjAyM1wvMDJcL2VzY3JpdG9yaW80LmpwZyIsInNsaWRlc2hvdyI6IjI5MmUxMzkifQ%3D%3D\">\n\t\t\t\t\t<div class=\"e-gallery-image elementor-gallery-item__image\" data-thumbnail=\"https:\/\/rcassociados.adv.br\/wp-content\/uploads\/2023\/02\/escritorio4-1024x692.jpg\" data-width=\"800\" data-height=\"541\" aria-label=\"\" role=\"img\" ><\/div>\n\t\t\t\t\t\t\t\t\t\t\t<div class=\"elementor-gallery-item__overlay\"><\/div>\n\t\t\t\t\t\t\t\t\t\t\t\t\t\t<\/a>\n\t\t\t\t\t\t\t<a class=\"e-gallery-item elementor-gallery-item elementor-animated-content\" href=\"https:\/\/rcassociados.adv.br\/wp-content\/uploads\/2023\/02\/escritorio1.jpg\" data-elementor-open-lightbox=\"yes\" data-elementor-lightbox-slideshow=\"292e139\" data-elementor-lightbox-title=\"Escrit\u00f3rio\" data-e-action-hash=\"#elementor-action%3Aaction%3Dlightbox%26settings%3DeyJpZCI6Mzc2LCJ1cmwiOiJodHRwczpcL1wvcmNhc3NvY2lhZG9zLmFkdi5iclwvd3AtY29udGVudFwvdXBsb2Fkc1wvMjAyM1wvMDJcL2VzY3JpdG9yaW8xLmpwZyIsInNsaWRlc2hvdyI6IjI5MmUxMzkifQ%3D%3D\">\n\t\t\t\t\t<div class=\"e-gallery-image elementor-gallery-item__image\" data-thumbnail=\"https:\/\/rcassociados.adv.br\/wp-content\/uploads\/2023\/02\/escritorio1-683x1024.jpg\" data-width=\"683\" data-height=\"1024\" aria-label=\"\" role=\"img\" ><\/div>\n\t\t\t\t\t\t\t\t\t\t\t<div class=\"elementor-gallery-item__overlay\"><\/div>\n\t\t\t\t\t\t\t\t\t\t\t\t\t\t<\/a>\n\t\t\t\t\t\t\t<a class=\"e-gallery-item elementor-gallery-item elementor-animated-content\" href=\"https:\/\/rcassociados.adv.br\/wp-content\/uploads\/2023\/02\/escritorio6.jpg\" data-elementor-open-lightbox=\"yes\" data-elementor-lightbox-slideshow=\"292e139\" data-elementor-lightbox-title=\"Escrit\u00f3rio\" data-e-action-hash=\"#elementor-action%3Aaction%3Dlightbox%26settings%3DeyJpZCI6MzgxLCJ1cmwiOiJodHRwczpcL1wvcmNhc3NvY2lhZG9zLmFkdi5iclwvd3AtY29udGVudFwvdXBsb2Fkc1wvMjAyM1wvMDJcL2VzY3JpdG9yaW82LmpwZyIsInNsaWRlc2hvdyI6IjI5MmUxMzkifQ%3D%3D\">\n\t\t\t\t\t<div class=\"e-gallery-image elementor-gallery-item__image\" data-thumbnail=\"https:\/\/rcassociados.adv.br\/wp-content\/uploads\/2023\/02\/escritorio6-1024x692.jpg\" data-width=\"800\" data-height=\"541\" aria-label=\"\" role=\"img\" ><\/div>\n\t\t\t\t\t\t\t\t\t\t\t<div class=\"elementor-gallery-item__overlay\"><\/div>\n\t\t\t\t\t\t\t\t\t\t\t\t\t\t<\/a>\n\t\t\t\t\t\t\t<a class=\"e-gallery-item elementor-gallery-item elementor-animated-content\" href=\"https:\/\/rcassociados.adv.br\/wp-content\/uploads\/2023\/02\/escritorio2.jpg\" data-elementor-open-lightbox=\"yes\" data-elementor-lightbox-slideshow=\"292e139\" data-elementor-lightbox-title=\"Sala de Reuni\u00e3o\" data-e-action-hash=\"#elementor-action%3Aaction%3Dlightbox%26settings%3DeyJpZCI6Mzc3LCJ1cmwiOiJodHRwczpcL1wvcmNhc3NvY2lhZG9zLmFkdi5iclwvd3AtY29udGVudFwvdXBsb2Fkc1wvMjAyM1wvMDJcL2VzY3JpdG9yaW8yLmpwZyIsInNsaWRlc2hvdyI6IjI5MmUxMzkifQ%3D%3D\">\n\t\t\t\t\t<div class=\"e-gallery-image elementor-gallery-item__image\" data-thumbnail=\"https:\/\/rcassociados.adv.br\/wp-content\/uploads\/2023\/02\/escritorio2-1024x692.jpg\" data-width=\"800\" data-height=\"541\" aria-label=\"\" role=\"img\" ><\/div>\n\t\t\t\t\t\t\t\t\t\t\t<div class=\"elementor-gallery-item__overlay\"><\/div>\n\t\t\t\t\t\t\t\t\t\t\t\t\t\t<\/a>\n\t\t\t\t\t<\/div>\n\t\t\t\t\t<\/div>\n\t\t\t\t<\/div>\n\t\t\t\t\t<\/div>\n\t\t<\/div>\n\t\t\t\t\t<\/div>\n\t\t<\/section>\n\t\t\t\t<\/div>","protected":false},"excerpt":{"rendered":"<p>O Escrit\u00f3rio Nossa hist\u00f3ria Fundado em 2016, Rocha &amp; Coningham Advogados Associados atua com destaque na advocacia de lit\u00edgios e na estrutura\u00e7\u00e3o de medidas para a preven\u00e7\u00e3o de demandas e obten\u00e7\u00e3o dos melhores resultados naquelas em tr\u00e2mite. Com sede em Cuiab\u00e1, Mato Grosso, o escrit\u00f3rio disp\u00f5e de atendimento bil\u00edngue e se notabiliza pela execu\u00e7\u00e3o de [&hellip;]<\/p>","protected":false},"author":1,"featured_media":0,"parent":0,"menu_order":0,"comment_status":"closed","ping_status":"closed","template":"elementor_header_footer","meta":{"footnotes":""},"class_list":["post-35","page","type-page","status-publish","hentry"],"_links":{"self":[{"href":"https:\/\/rcassociados.adv.br\/en\/wp-json\/wp\/v2\/pages\/35","targetHints":{"allow":["GET"]}}],"collection":[{"href":"https:\/\/rcassociados.adv.br\/en\/wp-json\/wp\/v2\/pages"}],"about":[{"href":"https:\/\/rcassociados.adv.br\/en\/wp-json\/wp\/v2\/types\/page"}],"author":[{"embeddable":true,"href":"https:\/\/rcassociados.adv.br\/en\/wp-json\/wp\/v2\/users\/1"}],"replies":[{"embeddable":true,"href":"https:\/\/rcassociados.adv.br\/en\/wp-json\/wp\/v2\/comments?post=35"}],"version-history":[{"count":25,"href":"https:\/\/rcassociados.adv.br\/en\/wp-json\/wp\/v2\/pages\/35\/revisions"}],"predecessor-version":[{"id":554,"href":"https:\/\/rcassociados.adv.br\/en\/wp-json\/wp\/v2\/pages\/35\/revisions\/554"}],"wp:attachment":[{"href":"https:\/\/rcassociados.adv.br\/en\/wp-json\/wp\/v2\/media?parent=35"}],"curies":[{"name":"wp","href":"https:\/\/api.w.org\/{rel}","templated":true}]}}